{"id":1596,"date":"2020-10-20T10:02:12","date_gmt":"2020-10-20T08:02:12","guid":{"rendered":"https:\/\/www.champagne-lombard.com\/professional-space\/"},"modified":"2022-01-27T10:54:49","modified_gmt":"2022-01-27T09:54:49","slug":"professional-space","status":"publish","type":"page","link":"https:\/\/www.champagne-lombard.com\/zh\/professional-space\/","title":{"rendered":"\u4e13\u4e1a\u9886\u57df"},"content":{"rendered":"","protected":true},"excerpt":{"rendered":"","protected":true},"author":1,"featured_media":0,"parent":0,"menu_order":8,"comment_status":"closed","ping_status":"closed","template":"page-espace-pro.php","meta":{"_acf_changed":false,"footnotes":""},"class_list":["post-1596","page","type-page","status-publish","post-password-required","hentry"],"acf":[],"yoast_head":"<!-- This site is optimized with the Yoast SEO plugin v26.8 - https:\/\/yoast.com\/product\/yoast-seo-wordpress\/ -->\n<title>\u4e13\u4e1a\u9886\u57df | Champagne LOMBARD<\/title>\n<meta name=\"description\" content=\"\u4f5c\u4e3a\u4e00\u5bb6\u6210\u7acb\u4e8e1925\u5e74\u7684\u5bb6\u65cf\u4f01\u4e1a\uff0c\u6211\u4eec\u751f\u4ea7\u5355\u4e00\u54c1\u79cd\u7684\u8461\u8404\u9152\u548c\u672c\u5730\u8461\u8404\u9152\uff0c\u5305\u62ec\u9876\u7ea7\u9152\u5e84\u548c\u7279\u7ea7\u9152\u5e84\u3002\u6211\u4eec\u504f\u7231Brut Nature\u7684\u5242\u91cf\uff0c\u4ee5\u63ed\u793a\u98ce\u571f\u7279\u6027\uff0c\u8fd9\u8981\u5f52\u529f\u4e8e\u81f4\u529b\u4e8e\u8fd9\u4e00\u7406\u5ff5\u7684\u917f\u9020\u3002\" \/>\n<meta name=\"robots\" content=\"index, follow, max-snippet:-1, max-image-preview:large, max-video-preview:-1\" \/>\n<link rel=\"canonical\" href=\"https:\/\/www.champagne-lombard.com\/zh\/professional-space\/\" \/>\n<meta property=\"og:locale\" content=\"zh_HK\" \/>\n<meta property=\"og:type\" content=\"article\" \/>\n<meta property=\"og:title\" content=\"\u4e13\u4e1a\u9886\u57df | Champagne LOMBARD\" \/>\n<meta property=\"og:description\" content=\"\u4f5c\u4e3a\u4e00\u5bb6\u6210\u7acb\u4e8e1925\u5e74\u7684\u5bb6\u65cf\u4f01\u4e1a\uff0c\u6211\u4eec\u751f\u4ea7\u5355\u4e00\u54c1\u79cd\u7684\u8461\u8404\u9152\u548c\u672c\u5730\u8461\u8404\u9152\uff0c\u5305\u62ec\u9876\u7ea7\u9152\u5e84\u548c\u7279\u7ea7\u9152\u5e84\u3002\u6211\u4eec\u504f\u7231Brut Nature\u7684\u5242\u91cf\uff0c\u4ee5\u63ed\u793a\u98ce\u571f\u7279\u6027\uff0c\u8fd9\u8981\u5f52\u529f\u4e8e\u81f4\u529b\u4e8e\u8fd9\u4e00\u7406\u5ff5\u7684\u917f\u9020\u3002\" \/>\n<meta property=\"og:url\" content=\"https:\/\/www.champagne-lombard.com\/zh\/professional-space\/\" \/>\n<meta property=\"og:site_name\" content=\"Champagne LOMBARD\" \/>\n<meta property=\"article:modified_time\" content=\"2022-01-27T09:54:49+00:00\" \/>\n<meta name=\"twitter:card\" content=\"summary_large_image\" \/>\n<script type=\"application\/ld+json\" class=\"yoast-schema-graph\">{\"@context\":\"https:\/\/schema.org\",\"@graph\":[{\"@type\":\"WebPage\",\"@id\":\"https:\/\/www.champagne-lombard.com\/zh\/professional-space\/\",\"url\":\"https:\/\/www.champagne-lombard.com\/zh\/professional-space\/\",\"name\":\"\u4e13\u4e1a\u9886\u57df | Champagne LOMBARD\",\"isPartOf\":{\"@id\":\"https:\/\/www.champagne-lombard.com\/#website\"},\"datePublished\":\"2020-10-20T08:02:12+00:00\",\"dateModified\":\"2022-01-27T09:54:49+00:00\",\"breadcrumb\":{\"@id\":\"https:\/\/www.champagne-lombard.com\/zh\/professional-space\/#breadcrumb\"},\"inLanguage\":\"zh-HK\"},{\"@type\":\"WebSite\",\"@id\":\"https:\/\/www.champagne-lombard.com\/#website\",\"url\":\"https:\/\/www.champagne-lombard.com\/\",\"name\":\"Champagne LOMBARD\",\"description\":\"Maison familiale fond\u00e9e en 1925, nous \u00e9laborons des cuv\u00e9es de terroir mono-cru et lieu-dit, issues de Premiers et Grands Crus. Nous privil\u00e9gions le dosage Brut Nature pour r\u00e9v\u00e9ler les identit\u00e9s de terroir gr\u00e2ce \u00e0 une vinification d\u00e9di\u00e9e \u00e0 cette philosophie.\",\"potentialAction\":[{\"@type\":\"SearchAction\",\"target\":{\"@type\":\"EntryPoint\",\"urlTemplate\":\"https:\/\/www.champagne-lombard.com\/?s={search_term_string}\"},\"query-input\":{\"@type\":\"PropertyValueSpecification\",\"valueRequired\":true,\"valueName\":\"search_term_string\"}}],\"inLanguage\":\"zh-HK\"}]}<\/script>\n<!-- \/ Yoast SEO plugin. -->","yoast_head_json":{"title":"\u4e13\u4e1a\u9886\u57df | Champagne LOMBARD","description":"\u4f5c\u4e3a\u4e00\u5bb6\u6210\u7acb\u4e8e1925\u5e74\u7684\u5bb6\u65cf\u4f01\u4e1a\uff0c\u6211\u4eec\u751f\u4ea7\u5355\u4e00\u54c1\u79cd\u7684\u8461\u8404\u9152\u548c\u672c\u5730\u8461\u8404\u9152\uff0c\u5305\u62ec\u9876\u7ea7\u9152\u5e84\u548c\u7279\u7ea7\u9152\u5e84\u3002\u6211\u4eec\u504f\u7231Brut Nature\u7684\u5242\u91cf\uff0c\u4ee5\u63ed\u793a\u98ce\u571f\u7279\u6027\uff0c\u8fd9\u8981\u5f52\u529f\u4e8e\u81f4\u529b\u4e8e\u8fd9\u4e00\u7406\u5ff5\u7684\u917f\u9020\u3002","robots":{"index":"index","follow":"follow","max-snippet":"max-snippet:-1","max-image-preview":"max-image-preview:large","max-video-preview":"max-video-preview:-1"},"canonical":"https:\/\/www.champagne-lombard.com\/zh\/professional-space\/","og_locale":"zh_HK","og_type":"article","og_title":"\u4e13\u4e1a\u9886\u57df | Champagne LOMBARD","og_description":"\u4f5c\u4e3a\u4e00\u5bb6\u6210\u7acb\u4e8e1925\u5e74\u7684\u5bb6\u65cf\u4f01\u4e1a\uff0c\u6211\u4eec\u751f\u4ea7\u5355\u4e00\u54c1\u79cd\u7684\u8461\u8404\u9152\u548c\u672c\u5730\u8461\u8404\u9152\uff0c\u5305\u62ec\u9876\u7ea7\u9152\u5e84\u548c\u7279\u7ea7\u9152\u5e84\u3002\u6211\u4eec\u504f\u7231Brut Nature\u7684\u5242\u91cf\uff0c\u4ee5\u63ed\u793a\u98ce\u571f\u7279\u6027\uff0c\u8fd9\u8981\u5f52\u529f\u4e8e\u81f4\u529b\u4e8e\u8fd9\u4e00\u7406\u5ff5\u7684\u917f\u9020\u3002","og_url":"https:\/\/www.champagne-lombard.com\/zh\/professional-space\/","og_site_name":"Champagne LOMBARD","article_modified_time":"2022-01-27T09:54:49+00:00","twitter_card":"summary_large_image","schema":{"@context":"https:\/\/schema.org","@graph":[{"@type":"WebPage","@id":"https:\/\/www.champagne-lombard.com\/zh\/professional-space\/","url":"https:\/\/www.champagne-lombard.com\/zh\/professional-space\/","name":"\u4e13\u4e1a\u9886\u57df | Champagne LOMBARD","isPartOf":{"@id":"https:\/\/www.champagne-lombard.com\/#website"},"datePublished":"2020-10-20T08:02:12+00:00","dateModified":"2022-01-27T09:54:49+00:00","breadcrumb":{"@id":"https:\/\/www.champagne-lombard.com\/zh\/professional-space\/#breadcrumb"},"inLanguage":"zh-HK"},{"@type":"WebSite","@id":"https:\/\/www.champagne-lombard.com\/#website","url":"https:\/\/www.champagne-lombard.com\/","name":"Champagne LOMBARD","description":"Maison familiale fond\u00e9e en 1925, nous \u00e9laborons des cuv\u00e9es de terroir mono-cru et lieu-dit, issues de Premiers et Grands Crus. Nous privil\u00e9gions le dosage Brut Nature pour r\u00e9v\u00e9ler les identit\u00e9s de terroir gr\u00e2ce \u00e0 une vinification d\u00e9di\u00e9e \u00e0 cette philosophie.","potentialAction":[{"@type":"SearchAction","target":{"@type":"EntryPoint","urlTemplate":"https:\/\/www.champagne-lombard.com\/?s={search_term_string}"},"query-input":{"@type":"PropertyValueSpecification","valueRequired":true,"valueName":"search_term_string"}}],"inLanguage":"zh-HK"}]}},"_links":{"self":[{"href":"https:\/\/www.champagne-lombard.com\/zh\/wp-json\/wp\/v2\/pages\/1596","targetHints":{"allow":["GET"]}}],"collection":[{"href":"https:\/\/www.champagne-lombard.com\/zh\/wp-json\/wp\/v2\/pages"}],"about":[{"href":"https:\/\/www.champagne-lombard.com\/zh\/wp-json\/wp\/v2\/types\/page"}],"author":[{"embeddable":true,"href":"https:\/\/www.champagne-lombard.com\/zh\/wp-json\/wp\/v2\/users\/1"}],"replies":[{"embeddable":true,"href":"https:\/\/www.champagne-lombard.com\/zh\/wp-json\/wp\/v2\/comments?post=1596"}],"version-history":[{"count":2,"href":"https:\/\/www.champagne-lombard.com\/zh\/wp-json\/wp\/v2\/pages\/1596\/revisions"}],"predecessor-version":[{"id":3053,"href":"https:\/\/www.champagne-lombard.com\/zh\/wp-json\/wp\/v2\/pages\/1596\/revisions\/3053"}],"wp:attachment":[{"href":"https:\/\/www.champagne-lombard.com\/zh\/wp-json\/wp\/v2\/media?parent=1596"}],"curies":[{"name":"wp","href":"https:\/\/api.w.org\/{rel}","templated":true}]}}