{"id":1565,"date":"2020-10-13T10:16:58","date_gmt":"2020-10-13T08:16:58","guid":{"rendered":"https:\/\/www.champagne-lombard.com\/legal-notice\/"},"modified":"2022-03-16T17:32:26","modified_gmt":"2022-03-16T16:32:26","slug":"legal-notice","status":"publish","type":"page","link":"https:\/\/www.champagne-lombard.com\/zh\/legal-notice\/","title":{"rendered":"\u6cd5\u5f8b\u58f0\u660e"},"content":{"rendered":"<h2><span>1. Presentation of the site.<\/span><\/h2>\n<p><span>Under article 6 of law n \u00b0 2004-575 of June 21, 2004 on confidence in the digital economy, users of the site\u00a0<\/span><a title=\"Champagne Lombard - www.champagne-lombard.com\" href=\"https:\/\/www.champagne-lombard.com\/zh\/\"><span>www.champagne-lombard.com are informed of<\/span><\/a><span>\u00a0the identity of the various stakeholders in the framework of its implementation and monitoring:<\/span><\/p>\n<p><strong><span>Owner<\/span><\/strong><span>\u00a0: Champagne Lombard &#8211; SARL &#8211; Champagne Lombard, 1 Rue des Cotelles, 51200 \u00c9pernay<\/span><br \/>\n<strong><span>Creator<\/span><\/strong><span>\u00a0:\u00a0<\/span><a href=\"https:\/\/www.fourmizz.fr\/\"><span>Fourmizz Communication<\/span><\/a><br \/>\n<strong><span>Publication manager<\/span><\/strong><span>\u00a0: Thomas Lombard &#8211; info@champagne-lombard.com<\/span><br \/>\n<span>The publication manager is a natural person or a legal person.<\/span><br \/>\n<strong>Photo credits<\/strong> :AG Tracks et Klaus Gr\u00e4ber<br \/>\n<strong><span>Webmaster<\/span><\/strong><span>\u00a0: Fourmizz Communication &#8211; contact@fourmizz.fr<\/span><br \/>\n<strong><span>Host<\/span><\/strong><span>\u00a0: 1 &amp; 1 &#8211; 7, place de la Gare BP 70109 57201 Sarreguemines Cedex<\/span><\/p>\n<h2><span>2. General conditions of use of the site and the services offered.<\/span><\/h2>\n<p><span>Use of the site\u00a0<\/span><a title=\"Champagne Lombard - www.champagne-lombard.com\" href=\"https:\/\/www.champagne-lombard.com\/zh\/\"><span>www.champagne-lombard.com<\/span><\/a><span>\u00a0implies full acceptance of the general conditions of use described below.\u00a0These conditions of use are likely to be modified or supplemented at any time, users of the\u00a0<\/span><a title=\"Champagne Lombard - www.champagne-lombard.com\" href=\"https:\/\/www.champagne-lombard.com\/zh\/\"><span>www.champagne-lombard.com<\/span><\/a><span>\u00a0site\u00a0are therefore invited to consult them on a regular basis.<\/span><\/p>\n<p><span>This site is normally accessible to users at all times.\u00a0An interruption due to technical maintenance may however be decided by Champagne Lombard, who will then endeavor to communicate to users in advance the dates and times of the intervention.<\/span><\/p>\n<p><span>The website\u00a0<\/span><a title=\"Champagne Lombard - www.champagne-lombard.com\" href=\"https:\/\/www.champagne-lombard.com\/zh\/\"><span>www.champagne-lombard.com<\/span><\/a><span>\u00a0is updated regularly by Thomas Lombard.\u00a0In the same way, the legal notices can be modified at any time: they are nevertheless binding on the user who is invited to refer to them as often as possible in order to become acquainted with them.<\/span><\/p>\n<h2><span>3. Description of the services provided.<\/span><\/h2>\n<p><span>The\u00a0purpose of the\u00a0<\/span><a title=\"Champagne Lombard - www.champagne-lombard.com\" href=\"https:\/\/www.champagne-lombard.com\/zh\/\"><span>www.champagne-lombard.com<\/span><\/a><span>\u00a0site\u00a0is to provide information on all of the company&#8217;s activities.<\/span><\/p>\n<p><span>Champagne Lombard strives to provide the site\u00a0<\/span><a title=\"Champagne Lombard - www.champagne-lombard.com\" href=\"https:\/\/www.champagne-lombard.com\/zh\/\"><span>www.champagne-lombard.com<\/span><\/a><span>\u00a0with as accurate information as possible.\u00a0However, it cannot be held responsible for omissions, inaccuracies and deficiencies in the update, whether due to it or to third party partners who provide it with this information.<\/span><\/p>\n<p><span>All the information indicated on the site\u00a0<\/span><a title=\"Champagne Lombard - www.champagne-lombard.com\" href=\"https:\/\/www.champagne-lombard.com\/zh\/\"><span>www.champagne-lombard.com<\/span><\/a><span>\u00a0are given as an indication, and are likely to evolve.\u00a0Furthermore, the information on the site\u00a0<\/span><a title=\"Champagne Lombard - www.champagne-lombard.com\" href=\"https:\/\/www.champagne-lombard.com\/zh\/\"><span>www.champagne-lombard.com<\/span><\/a><span>\u00a0is not exhaustive.\u00a0They are given subject to modifications having been made since they were put online.<\/span><\/p>\n<h2><span>4. Contractual limitations on technical data.<\/span><\/h2>\n<p><span>The site uses JavaScript technology.<\/span><\/p>\n<p><span>The website cannot be held responsible for material damage linked to the use of the site.\u00a0In addition, the user of the site undertakes to access the site using recent equipment, which does not contain viruses and with an up-to-date latest generation browser.<\/span><\/p>\n<h2><span>5. Intellectual property and counterfeits.<\/span><\/h2>\n<p><span>Champagne Lombard owns the intellectual property rights or holds the rights of use on all the elements accessible on the site, in particular the texts, images, graphics, logo, icons, sounds, software.<\/span><\/p>\n<p><span>Any reproduction, representation, modification, publication, adaptation of all or part of the elements of the site, whatever the means or process used, is prohibited without the prior written authorization of: Champagne Lombard.<\/span><\/p>\n<p><span>Any unauthorized use of the site or any of the elements it contains will be considered as constituting an infringement and prosecuted in accordance with the provisions of articles L.335-2 and following of the Intellectual Property Code.<\/span><\/p>\n<h2><span>6. Limitations of Liability.<\/span><\/h2>\n<p><span>Champagne Lombard cannot be held liable for any direct or indirect damage caused to the user&#8217;s equipment when accessing the www.champagne-lombard.com site, and resulting either from the use of equipment that does not meet the specifications indicated in point 4, either the appearance of a bug or an incompatibility.<\/span><\/p>\n<p><span>Champagne Lombard cannot also be held responsible for indirect damages (such as for example a loss of market or loss of opportunity) resulting from the use of the site\u00a0<\/span><a title=\"Champagne Lombard - www.champagne-lombard.com\" href=\"https:\/\/www.champagne-lombard.com\/zh\/\"><span>www.champagne-lombard.com<\/span><\/a><span>\u00a0.<\/span><\/p>\n<p><span>Interactive spaces (possibility to ask questions in the contact space) are available to users.\u00a0Champagne Lombard reserves the right to remove, without prior notice, any content posted in this space that would violate the law applicable in France, in particular the provisions relating to data protection.\u00a0Where applicable, Champagne Lombard also reserves the right to question the user&#8217;s civil and \/ or criminal liability, particularly in the event of a racist, abusive, defamatory or pornographic message, regardless of the medium used ( text, photography\u2026).<\/span><\/p>\n<h2><span>7. Management of personal data.<\/span><\/h2>\n<p><span>In France, personal data is protected in particular by law n \u00b0 78-87 of January 6, 1978, law n \u00b0 2004-801 of August 6, 2004, article L. 226-13 of the Penal Code and the European Directive of October 24, 1995.<\/span><\/p>\n<p><span>When using the\u00a0<\/span><a title=\"Champagne Lombard - www.champagne-lombard.com\" href=\"https:\/\/www.champagne-lombard.com\/zh\/\"><span>www.champagne-lombard.com<\/span><\/a><span>\u00a0site\u00a0, the following may be collected: the URL of the links through which the user accessed the\u00a0<\/span><a title=\"Champagne Lombard - www.champagne-lombard.com\" href=\"https:\/\/www.champagne-lombard.com\/zh\/\"><span>www.champagne-lombard.com<\/span><\/a><span>\u00a0site\u00a0, the supplier of user access, the user&#8217;s Internet Protocol (IP) address.<\/span><\/p>\n<p><span>In any event, Champagne Lombard only collects personal information about the user for the need of certain services offered by the site\u00a0<\/span><a title=\"Champagne Lombard - www.champagne-lombard.com\" href=\"https:\/\/www.champagne-lombard.com\/zh\/\"><span>www.champagne-lombard.com<\/span><\/a><span>\u00a0. The user provides this information with full knowledge of the facts, in particular when he enters it himself. The user of the\u00a0<\/span><a title=\"Champagne Lombard - www.champagne-lombard.com\" href=\"https:\/\/www.champagne-lombard.com\/zh\/\"><span>www.champagne-lombard.com<\/span><\/a><span>\u00a0site is then\u00a0<a title=\"Champagne Lombard - www.champagne-lombard.com\" href=\"https:\/\/www.champagne-lombard.com\/zh\/\">informed of<\/a>\u00a0the obligation or not to provide this information.<\/span><\/p>\n<p><span>In accordance with the provisions of articles 38 and following of the law 78-17 of January 6, 1978 relating to data processing, files and freedoms, any user has a right of access, rectification and opposition to personal data. concerning him, by making his written and signed request, accompanied by a copy of the identity document with signature of the holder of the document, specifying the address to which the response must be sent.<\/span><\/p>\n<p><span>No personal information of the user of the site\u00a0<\/span><a title=\"Champagne Lombard - www.champagne-lombard.com\" href=\"https:\/\/www.champagne-lombard.com\/zh\/\"><span>www.champagne-lombard.com<\/span><\/a><span>\u00a0is published without the knowledge of the user, exchanged, transferred, assigned or sold on any medium whatsoever to third parties.\u00a0Only the assumption of the redemption of Champagne Lombard and its rights would allow the transmission of such information to the potential purchaser who would in turn be bound by the same obligation to store and modify data with regard to the user of the site.\u00a0<\/span><a title=\"Champagne Lombard - www.champagne-lombard.com\" href=\"https:\/\/www.champagne-lombard.com\/zh\/\"><span>www.champagne-lombard.com<\/span><\/a><span>\u00a0.<\/span><\/p>\n<p><span>The site is not declared to the CNIL because it does not collect personal information.\u00a0.<\/span><\/p>\n<p><span>The databases are protected by the provisions of the law of July 1, 1998 transposing Directive 96\/9 of March 11, 1996 on the legal protection of databases.<\/span><\/p>\n<h2><span>8. Hypertext links and cookies.<\/span><\/h2>\n<p><span>The\u00a0<\/span><a title=\"Champagne Lombard - www.champagne-lombard.com\" href=\"https:\/\/www.champagne-lombard.com\/zh\/\"><span>www.champagne-lombard.com<\/span><\/a><span>\u00a0site\u00a0contains a certain number of hypertext links to other sites, set up with the authorization of Champagne Lombard.\u00a0However, Champagne Lombard does not have the possibility to check the content of the sites thus visited, and will therefore not assume any responsibility for this fact.<\/span><\/p>\n<p><span>Browsing the\u00a0<\/span><a title=\"Champagne Lombard - www.champagne-lombard.com\" href=\"https:\/\/www.champagne-lombard.com\/zh\/\"><span>www.champagne-lombard.com<\/span><\/a><span>\u00a0site\u00a0is likely to cause the installation of cookie (s) on the user&#8217;s computer.\u00a0A cookie is a small file, which does not allow the identification of the user, but which records information relating to the navigation of a computer on a site.\u00a0The data thus obtained are intended to facilitate subsequent navigation on the site, and are also intended to allow various measures of attendance.<\/span><\/p>\n<p><span>Refusing to install a cookie may make it impossible to access certain services.\u00a0The user can however configure his computer as follows to refuse the installation of cookies:<\/span><\/p>\n<p><span>In Internet Explorer: tool tab (pictogram in the shape of a cog at the top right) \/ internet options.\u00a0Click on Privacy and choose Block all cookies.\u00a0Validate on Ok.<\/span><\/p>\n<p><span>In Firefox: at the top of the browser window, click on the Firefox button, then go to the Options tab.\u00a0Click on the Privacy tab.<\/span><br \/>\n<span>Configure the Conservation rules on: use personalized parameters for history.\u00a0Finally, uncheck it to disable cookies.<\/span><\/p>\n<p><span>In Safari: Click at the top right of the browser on the menu pictogram (symbolized by a cog).\u00a0Select Settings.\u00a0Click Show advanced settings.\u00a0In the &#8220;Confidentiality&#8221; section, click on Content settings.\u00a0In the &#8220;Cookies&#8221; section, you can block cookies.<\/span><\/p>\n<p><span>Under Chrome: Click at the top right of the browser on the menu pictogram (symbolized by three horizontal lines).\u00a0Select Settings.\u00a0Click Show advanced settings.\u00a0In the &#8220;Confidentiality&#8221; section, click on preferences.\u00a0In the &#8220;Confidentiality&#8221; tab, you can block cookies.<\/span><\/p>\n<h2><span>9. Applicable law and attribution of jurisdiction.<\/span><\/h2>\n<p><span>Any dispute in connection with the use of the site\u00a0<\/span><a title=\"Champagne Lombard - www.champagne-lombard.com\" href=\"https:\/\/www.champagne-lombard.com\/zh\/\"><span>www.champagne-lombard.com<\/span><\/a><span>\u00a0is subject to French law.\u00a0Exclusive jurisdiction is attributed to the competent courts of Paris.<\/span><\/p>\n<h2><span>10. The main laws concerned.<\/span><\/h2>\n<p><span>Law n \u00b0 78-17 of January 6, 1978, in particular modified by law n \u00b0 2004-801 of August 6, 2004 relating to data processing, files and freedoms.<\/span><\/p>\n<p><span>Law n \u00b0 2004-575 of June 21, 2004 for confidence in the digital economy.<\/span><\/p>\n<h2><span>11. Lexicon.<\/span><\/h2>\n<p><span>User: Internet user connecting, using the aforementioned site.<\/span><\/p>\n<p><span>Personal information: &#8220;information which allows, in any form whatsoever, directly or indirectly, the identification of the natural persons to whom it applies&#8221; (article 4 of law n \u00b0 78-17 of January 6, 1978).<\/span><\/p>\n","protected":false},"excerpt":{"rendered":"<p>1. Presentation of the site. Under article 6 of law n \u00b0 [&hellip;]<\/p>\n","protected":false},"author":1,"featured_media":0,"parent":0,"menu_order":10,"comment_status":"closed","ping_status":"closed","template":"page-mentions.php","meta":{"_acf_changed":false,"footnotes":""},"class_list":["post-1565","page","type-page","status-publish","hentry"],"acf":[],"yoast_head":"<!-- This site is optimized with the Yoast SEO plugin v26.8 - https:\/\/yoast.com\/product\/yoast-seo-wordpress\/ -->\n<title>\u6cd5\u5f8b\u58f0\u660e | Champagne LOMBARD<\/title>\n<meta name=\"robots\" content=\"index, follow, max-snippet:-1, max-image-preview:large, max-video-preview:-1\" \/>\n<link rel=\"canonical\" href=\"https:\/\/www.champagne-lombard.com\/zh\/legal-notice\/\" \/>\n<meta property=\"og:locale\" content=\"zh_HK\" \/>\n<meta property=\"og:type\" content=\"article\" \/>\n<meta property=\"og:title\" content=\"\u6cd5\u5f8b\u58f0\u660e | Champagne LOMBARD\" \/>\n<meta property=\"og:description\" content=\"1. Presentation of the site. Under article 6 of law n \u00b0 [&hellip;]\" \/>\n<meta property=\"og:url\" content=\"https:\/\/www.champagne-lombard.com\/zh\/legal-notice\/\" \/>\n<meta property=\"og:site_name\" content=\"Champagne LOMBARD\" \/>\n<meta property=\"article:modified_time\" content=\"2022-03-16T16:32:26+00:00\" \/>\n<meta name=\"twitter:card\" content=\"summary_large_image\" \/>\n<meta name=\"twitter:label1\" content=\"\u9810\u8a08\u95b1\u8b80\u6642\u9593\" \/>\n\t<meta name=\"twitter:data1\" content=\"7 \u5206\u9418\" \/>\n<script type=\"application\/ld+json\" class=\"yoast-schema-graph\">{\"@context\":\"https:\/\/schema.org\",\"@graph\":[{\"@type\":\"WebPage\",\"@id\":\"https:\/\/www.champagne-lombard.com\/zh\/legal-notice\/\",\"url\":\"https:\/\/www.champagne-lombard.com\/zh\/legal-notice\/\",\"name\":\"\u6cd5\u5f8b\u58f0\u660e | Champagne LOMBARD\",\"isPartOf\":{\"@id\":\"https:\/\/www.champagne-lombard.com\/#website\"},\"datePublished\":\"2020-10-13T08:16:58+00:00\",\"dateModified\":\"2022-03-16T16:32:26+00:00\",\"inLanguage\":\"zh-HK\",\"potentialAction\":[{\"@type\":\"ReadAction\",\"target\":[\"https:\/\/www.champagne-lombard.com\/zh\/legal-notice\/\"]}]},{\"@type\":\"WebSite\",\"@id\":\"https:\/\/www.champagne-lombard.com\/#website\",\"url\":\"https:\/\/www.champagne-lombard.com\/\",\"name\":\"Champagne LOMBARD\",\"description\":\"Maison familiale fond\u00e9e en 1925, nous \u00e9laborons des cuv\u00e9es de terroir mono-cru et lieu-dit, issues de Premiers et Grands Crus. Nous privil\u00e9gions le dosage Brut Nature pour r\u00e9v\u00e9ler les identit\u00e9s de terroir gr\u00e2ce \u00e0 une vinification d\u00e9di\u00e9e \u00e0 cette philosophie.\",\"potentialAction\":[{\"@type\":\"SearchAction\",\"target\":{\"@type\":\"EntryPoint\",\"urlTemplate\":\"https:\/\/www.champagne-lombard.com\/?s={search_term_string}\"},\"query-input\":{\"@type\":\"PropertyValueSpecification\",\"valueRequired\":true,\"valueName\":\"search_term_string\"}}],\"inLanguage\":\"zh-HK\"}]}<\/script>\n<!-- \/ Yoast SEO plugin. -->","yoast_head_json":{"title":"\u6cd5\u5f8b\u58f0\u660e | Champagne LOMBARD","robots":{"index":"index","follow":"follow","max-snippet":"max-snippet:-1","max-image-preview":"max-image-preview:large","max-video-preview":"max-video-preview:-1"},"canonical":"https:\/\/www.champagne-lombard.com\/zh\/legal-notice\/","og_locale":"zh_HK","og_type":"article","og_title":"\u6cd5\u5f8b\u58f0\u660e | Champagne LOMBARD","og_description":"1. Presentation of the site. Under article 6 of law n \u00b0 [&hellip;]","og_url":"https:\/\/www.champagne-lombard.com\/zh\/legal-notice\/","og_site_name":"Champagne LOMBARD","article_modified_time":"2022-03-16T16:32:26+00:00","twitter_card":"summary_large_image","twitter_misc":{"\u9810\u8a08\u95b1\u8b80\u6642\u9593":"7 \u5206\u9418"},"schema":{"@context":"https:\/\/schema.org","@graph":[{"@type":"WebPage","@id":"https:\/\/www.champagne-lombard.com\/zh\/legal-notice\/","url":"https:\/\/www.champagne-lombard.com\/zh\/legal-notice\/","name":"\u6cd5\u5f8b\u58f0\u660e | Champagne LOMBARD","isPartOf":{"@id":"https:\/\/www.champagne-lombard.com\/#website"},"datePublished":"2020-10-13T08:16:58+00:00","dateModified":"2022-03-16T16:32:26+00:00","inLanguage":"zh-HK","potentialAction":[{"@type":"ReadAction","target":["https:\/\/www.champagne-lombard.com\/zh\/legal-notice\/"]}]},{"@type":"WebSite","@id":"https:\/\/www.champagne-lombard.com\/#website","url":"https:\/\/www.champagne-lombard.com\/","name":"Champagne LOMBARD","description":"Maison familiale fond\u00e9e en 1925, nous \u00e9laborons des cuv\u00e9es de terroir mono-cru et lieu-dit, issues de Premiers et Grands Crus. Nous privil\u00e9gions le dosage Brut Nature pour r\u00e9v\u00e9ler les identit\u00e9s de terroir gr\u00e2ce \u00e0 une vinification d\u00e9di\u00e9e \u00e0 cette philosophie.","potentialAction":[{"@type":"SearchAction","target":{"@type":"EntryPoint","urlTemplate":"https:\/\/www.champagne-lombard.com\/?s={search_term_string}"},"query-input":{"@type":"PropertyValueSpecification","valueRequired":true,"valueName":"search_term_string"}}],"inLanguage":"zh-HK"}]}},"_links":{"self":[{"href":"https:\/\/www.champagne-lombard.com\/zh\/wp-json\/wp\/v2\/pages\/1565","targetHints":{"allow":["GET"]}}],"collection":[{"href":"https:\/\/www.champagne-lombard.com\/zh\/wp-json\/wp\/v2\/pages"}],"about":[{"href":"https:\/\/www.champagne-lombard.com\/zh\/wp-json\/wp\/v2\/types\/page"}],"author":[{"embeddable":true,"href":"https:\/\/www.champagne-lombard.com\/zh\/wp-json\/wp\/v2\/users\/1"}],"replies":[{"embeddable":true,"href":"https:\/\/www.champagne-lombard.com\/zh\/wp-json\/wp\/v2\/comments?post=1565"}],"version-history":[{"count":2,"href":"https:\/\/www.champagne-lombard.com\/zh\/wp-json\/wp\/v2\/pages\/1565\/revisions"}],"predecessor-version":[{"id":3117,"href":"https:\/\/www.champagne-lombard.com\/zh\/wp-json\/wp\/v2\/pages\/1565\/revisions\/3117"}],"wp:attachment":[{"href":"https:\/\/www.champagne-lombard.com\/zh\/wp-json\/wp\/v2\/media?parent=1565"}],"curies":[{"name":"wp","href":"https:\/\/api.w.org\/{rel}","templated":true}]}}