{"id":1805,"date":"2020-10-20T10:02:12","date_gmt":"2020-10-20T08:02:12","guid":{"rendered":"https:\/\/www.champagne-lombard.com\/professional-space\/"},"modified":"2022-01-27T10:55:37","modified_gmt":"2022-01-27T09:55:37","slug":"area-professionale","status":"publish","type":"page","link":"https:\/\/www.champagne-lombard.com\/it\/area-professionale\/","title":{"rendered":"Area professionale"},"content":{"rendered":"","protected":true},"excerpt":{"rendered":"","protected":true},"author":1,"featured_media":0,"parent":0,"menu_order":8,"comment_status":"closed","ping_status":"closed","template":"page-espace-pro.php","meta":{"_acf_changed":false,"footnotes":""},"class_list":["post-1805","page","type-page","status-publish","post-password-required","hentry"],"acf":[],"yoast_head":"<!-- This site is optimized with the Yoast SEO plugin v26.8 - https:\/\/yoast.com\/product\/yoast-seo-wordpress\/ -->\n<title>Area professionale | Champagne LOMBARD<\/title>\n<meta name=\"robots\" content=\"index, follow, max-snippet:-1, max-image-preview:large, max-video-preview:-1\" \/>\n<link rel=\"canonical\" href=\"https:\/\/www.champagne-lombard.com\/it\/area-professionale\/\" \/>\n<meta property=\"og:locale\" content=\"it_IT\" \/>\n<meta property=\"og:type\" content=\"article\" \/>\n<meta property=\"og:title\" content=\"Area professionale | Champagne LOMBARD\" \/>\n<meta property=\"og:description\" content=\"Non \u00e8 disponibile alcun riassunto in quanto si tratta di un articolo protetto.\" \/>\n<meta property=\"og:url\" content=\"https:\/\/www.champagne-lombard.com\/it\/area-professionale\/\" \/>\n<meta property=\"og:site_name\" content=\"Champagne LOMBARD\" \/>\n<meta property=\"article:modified_time\" content=\"2022-01-27T09:55:37+00:00\" \/>\n<meta name=\"twitter:card\" content=\"summary_large_image\" \/>\n<script type=\"application\/ld+json\" class=\"yoast-schema-graph\">{\"@context\":\"https:\/\/schema.org\",\"@graph\":[{\"@type\":\"WebPage\",\"@id\":\"https:\/\/www.champagne-lombard.com\/it\/area-professionale\/\",\"url\":\"https:\/\/www.champagne-lombard.com\/it\/area-professionale\/\",\"name\":\"Area professionale | Champagne LOMBARD\",\"isPartOf\":{\"@id\":\"https:\/\/www.champagne-lombard.com\/#website\"},\"datePublished\":\"2020-10-20T08:02:12+00:00\",\"dateModified\":\"2022-01-27T09:55:37+00:00\",\"breadcrumb\":{\"@id\":\"https:\/\/www.champagne-lombard.com\/it\/area-professionale\/#breadcrumb\"},\"inLanguage\":\"it-IT\"},{\"@type\":\"WebSite\",\"@id\":\"https:\/\/www.champagne-lombard.com\/#website\",\"url\":\"https:\/\/www.champagne-lombard.com\/\",\"name\":\"Champagne LOMBARD\",\"description\":\"Maison familiale fond\u00e9e en 1925, nous \u00e9laborons des cuv\u00e9es de terroir mono-cru et lieu-dit, issues de Premiers et Grands Crus. Nous privil\u00e9gions le dosage Brut Nature pour r\u00e9v\u00e9ler les identit\u00e9s de terroir gr\u00e2ce \u00e0 une vinification d\u00e9di\u00e9e \u00e0 cette philosophie.\",\"potentialAction\":[{\"@type\":\"SearchAction\",\"target\":{\"@type\":\"EntryPoint\",\"urlTemplate\":\"https:\/\/www.champagne-lombard.com\/?s={search_term_string}\"},\"query-input\":{\"@type\":\"PropertyValueSpecification\",\"valueRequired\":true,\"valueName\":\"search_term_string\"}}],\"inLanguage\":\"it-IT\"}]}<\/script>\n<!-- \/ Yoast SEO plugin. -->","yoast_head_json":{"title":"Area professionale | Champagne LOMBARD","robots":{"index":"index","follow":"follow","max-snippet":"max-snippet:-1","max-image-preview":"max-image-preview:large","max-video-preview":"max-video-preview:-1"},"canonical":"https:\/\/www.champagne-lombard.com\/it\/area-professionale\/","og_locale":"it_IT","og_type":"article","og_title":"Area professionale | Champagne LOMBARD","og_description":"Non \u00e8 disponibile alcun riassunto in quanto si tratta di un articolo protetto.","og_url":"https:\/\/www.champagne-lombard.com\/it\/area-professionale\/","og_site_name":"Champagne LOMBARD","article_modified_time":"2022-01-27T09:55:37+00:00","twitter_card":"summary_large_image","schema":{"@context":"https:\/\/schema.org","@graph":[{"@type":"WebPage","@id":"https:\/\/www.champagne-lombard.com\/it\/area-professionale\/","url":"https:\/\/www.champagne-lombard.com\/it\/area-professionale\/","name":"Area professionale | Champagne LOMBARD","isPartOf":{"@id":"https:\/\/www.champagne-lombard.com\/#website"},"datePublished":"2020-10-20T08:02:12+00:00","dateModified":"2022-01-27T09:55:37+00:00","breadcrumb":{"@id":"https:\/\/www.champagne-lombard.com\/it\/area-professionale\/#breadcrumb"},"inLanguage":"it-IT"},{"@type":"WebSite","@id":"https:\/\/www.champagne-lombard.com\/#website","url":"https:\/\/www.champagne-lombard.com\/","name":"Champagne LOMBARD","description":"Maison familiale fond\u00e9e en 1925, nous \u00e9laborons des cuv\u00e9es de terroir mono-cru et lieu-dit, issues de Premiers et Grands Crus. Nous privil\u00e9gions le dosage Brut Nature pour r\u00e9v\u00e9ler les identit\u00e9s de terroir gr\u00e2ce \u00e0 une vinification d\u00e9di\u00e9e \u00e0 cette philosophie.","potentialAction":[{"@type":"SearchAction","target":{"@type":"EntryPoint","urlTemplate":"https:\/\/www.champagne-lombard.com\/?s={search_term_string}"},"query-input":{"@type":"PropertyValueSpecification","valueRequired":true,"valueName":"search_term_string"}}],"inLanguage":"it-IT"}]}},"_links":{"self":[{"href":"https:\/\/www.champagne-lombard.com\/it\/wp-json\/wp\/v2\/pages\/1805","targetHints":{"allow":["GET"]}}],"collection":[{"href":"https:\/\/www.champagne-lombard.com\/it\/wp-json\/wp\/v2\/pages"}],"about":[{"href":"https:\/\/www.champagne-lombard.com\/it\/wp-json\/wp\/v2\/types\/page"}],"author":[{"embeddable":true,"href":"https:\/\/www.champagne-lombard.com\/it\/wp-json\/wp\/v2\/users\/1"}],"replies":[{"embeddable":true,"href":"https:\/\/www.champagne-lombard.com\/it\/wp-json\/wp\/v2\/comments?post=1805"}],"version-history":[{"count":2,"href":"https:\/\/www.champagne-lombard.com\/it\/wp-json\/wp\/v2\/pages\/1805\/revisions"}],"predecessor-version":[{"id":3054,"href":"https:\/\/www.champagne-lombard.com\/it\/wp-json\/wp\/v2\/pages\/1805\/revisions\/3054"}],"wp:attachment":[{"href":"https:\/\/www.champagne-lombard.com\/it\/wp-json\/wp\/v2\/media?parent=1805"}],"curies":[{"name":"wp","href":"https:\/\/api.w.org\/{rel}","templated":true}]}}