{"id":1786,"date":"2020-09-29T09:36:49","date_gmt":"2020-09-29T07:36:49","guid":{"rendered":"https:\/\/www.champagne-lombard.com\/la-champagne\/"},"modified":"2023-04-04T09:58:32","modified_gmt":"2023-04-04T07:58:32","slug":"lo-champagne","status":"publish","type":"page","link":"https:\/\/www.champagne-lombard.com\/it\/lo-champagne\/","title":{"rendered":"LO CHAMPAGNE"},"content":{"rendered":"","protected":false},"excerpt":{"rendered":"","protected":false},"author":1,"featured_media":0,"parent":0,"menu_order":4,"comment_status":"closed","ping_status":"closed","template":"page-champagne.php","meta":{"_acf_changed":false,"footnotes":""},"class_list":["post-1786","page","type-page","status-publish","hentry"],"acf":[],"yoast_head":"<!-- This site is optimized with the Yoast SEO plugin v26.8 - https:\/\/yoast.com\/product\/yoast-seo-wordpress\/ -->\n<title>LO CHAMPAGNE | Champagne LOMBARD<\/title>\n<meta name=\"description\" content=\"Alla Maison Lombard, mettiamo in risalto la diversit\u00e0 delle espressioni dei terroir attraverso cuv\u00e9e monovitigno e lieu-dit.\" \/>\n<meta name=\"robots\" content=\"index, follow, max-snippet:-1, max-image-preview:large, max-video-preview:-1\" \/>\n<link rel=\"canonical\" href=\"https:\/\/www.champagne-lombard.com\/it\/lo-champagne\/\" \/>\n<meta property=\"og:locale\" content=\"it_IT\" \/>\n<meta property=\"og:type\" content=\"article\" \/>\n<meta property=\"og:title\" content=\"LO CHAMPAGNE | Champagne LOMBARD\" \/>\n<meta property=\"og:description\" content=\"Alla Maison Lombard, mettiamo in risalto la diversit\u00e0 delle espressioni dei terroir attraverso cuv\u00e9e monovitigno e lieu-dit.\" \/>\n<meta property=\"og:url\" content=\"https:\/\/www.champagne-lombard.com\/it\/lo-champagne\/\" \/>\n<meta property=\"og:site_name\" content=\"Champagne LOMBARD\" \/>\n<meta property=\"article:modified_time\" content=\"2023-04-04T07:58:32+00:00\" \/>\n<meta name=\"twitter:card\" content=\"summary_large_image\" \/>\n<script type=\"application\/ld+json\" class=\"yoast-schema-graph\">{\"@context\":\"https:\/\/schema.org\",\"@graph\":[{\"@type\":\"WebPage\",\"@id\":\"https:\/\/www.champagne-lombard.com\/it\/lo-champagne\/\",\"url\":\"https:\/\/www.champagne-lombard.com\/it\/lo-champagne\/\",\"name\":\"LO CHAMPAGNE | Champagne LOMBARD\",\"isPartOf\":{\"@id\":\"https:\/\/www.champagne-lombard.com\/#website\"},\"datePublished\":\"2020-09-29T07:36:49+00:00\",\"dateModified\":\"2023-04-04T07:58:32+00:00\",\"description\":\"Alla Maison Lombard, mettiamo in risalto la diversit\u00e0 delle espressioni dei terroir attraverso cuv\u00e9e monovitigno e lieu-dit.\",\"inLanguage\":\"it-IT\",\"potentialAction\":[{\"@type\":\"ReadAction\",\"target\":[\"https:\/\/www.champagne-lombard.com\/it\/lo-champagne\/\"]}]},{\"@type\":\"WebSite\",\"@id\":\"https:\/\/www.champagne-lombard.com\/#website\",\"url\":\"https:\/\/www.champagne-lombard.com\/\",\"name\":\"Champagne LOMBARD\",\"description\":\"Maison familiale fond\u00e9e en 1925, nous \u00e9laborons des cuv\u00e9es de terroir mono-cru et lieu-dit, issues de Premiers et Grands Crus. Nous privil\u00e9gions le dosage Brut Nature pour r\u00e9v\u00e9ler les identit\u00e9s de terroir gr\u00e2ce \u00e0 une vinification d\u00e9di\u00e9e \u00e0 cette philosophie.\",\"potentialAction\":[{\"@type\":\"SearchAction\",\"target\":{\"@type\":\"EntryPoint\",\"urlTemplate\":\"https:\/\/www.champagne-lombard.com\/?s={search_term_string}\"},\"query-input\":{\"@type\":\"PropertyValueSpecification\",\"valueRequired\":true,\"valueName\":\"search_term_string\"}}],\"inLanguage\":\"it-IT\"}]}<\/script>\n<!-- \/ Yoast SEO plugin. -->","yoast_head_json":{"title":"LO CHAMPAGNE | Champagne LOMBARD","description":"Alla Maison Lombard, mettiamo in risalto la diversit\u00e0 delle espressioni dei terroir attraverso cuv\u00e9e monovitigno e lieu-dit.","robots":{"index":"index","follow":"follow","max-snippet":"max-snippet:-1","max-image-preview":"max-image-preview:large","max-video-preview":"max-video-preview:-1"},"canonical":"https:\/\/www.champagne-lombard.com\/it\/lo-champagne\/","og_locale":"it_IT","og_type":"article","og_title":"LO CHAMPAGNE | Champagne LOMBARD","og_description":"Alla Maison Lombard, mettiamo in risalto la diversit\u00e0 delle espressioni dei terroir attraverso cuv\u00e9e monovitigno e lieu-dit.","og_url":"https:\/\/www.champagne-lombard.com\/it\/lo-champagne\/","og_site_name":"Champagne LOMBARD","article_modified_time":"2023-04-04T07:58:32+00:00","twitter_card":"summary_large_image","schema":{"@context":"https:\/\/schema.org","@graph":[{"@type":"WebPage","@id":"https:\/\/www.champagne-lombard.com\/it\/lo-champagne\/","url":"https:\/\/www.champagne-lombard.com\/it\/lo-champagne\/","name":"LO CHAMPAGNE | Champagne LOMBARD","isPartOf":{"@id":"https:\/\/www.champagne-lombard.com\/#website"},"datePublished":"2020-09-29T07:36:49+00:00","dateModified":"2023-04-04T07:58:32+00:00","description":"Alla Maison Lombard, mettiamo in risalto la diversit\u00e0 delle espressioni dei terroir attraverso cuv\u00e9e monovitigno e lieu-dit.","inLanguage":"it-IT","potentialAction":[{"@type":"ReadAction","target":["https:\/\/www.champagne-lombard.com\/it\/lo-champagne\/"]}]},{"@type":"WebSite","@id":"https:\/\/www.champagne-lombard.com\/#website","url":"https:\/\/www.champagne-lombard.com\/","name":"Champagne LOMBARD","description":"Maison familiale fond\u00e9e en 1925, nous \u00e9laborons des cuv\u00e9es de terroir mono-cru et lieu-dit, issues de Premiers et Grands Crus. Nous privil\u00e9gions le dosage Brut Nature pour r\u00e9v\u00e9ler les identit\u00e9s de terroir gr\u00e2ce \u00e0 une vinification d\u00e9di\u00e9e \u00e0 cette philosophie.","potentialAction":[{"@type":"SearchAction","target":{"@type":"EntryPoint","urlTemplate":"https:\/\/www.champagne-lombard.com\/?s={search_term_string}"},"query-input":{"@type":"PropertyValueSpecification","valueRequired":true,"valueName":"search_term_string"}}],"inLanguage":"it-IT"}]}},"_links":{"self":[{"href":"https:\/\/www.champagne-lombard.com\/it\/wp-json\/wp\/v2\/pages\/1786","targetHints":{"allow":["GET"]}}],"collection":[{"href":"https:\/\/www.champagne-lombard.com\/it\/wp-json\/wp\/v2\/pages"}],"about":[{"href":"https:\/\/www.champagne-lombard.com\/it\/wp-json\/wp\/v2\/types\/page"}],"author":[{"embeddable":true,"href":"https:\/\/www.champagne-lombard.com\/it\/wp-json\/wp\/v2\/users\/1"}],"replies":[{"embeddable":true,"href":"https:\/\/www.champagne-lombard.com\/it\/wp-json\/wp\/v2\/comments?post=1786"}],"version-history":[{"count":1,"href":"https:\/\/www.champagne-lombard.com\/it\/wp-json\/wp\/v2\/pages\/1786\/revisions"}],"predecessor-version":[{"id":1788,"href":"https:\/\/www.champagne-lombard.com\/it\/wp-json\/wp\/v2\/pages\/1786\/revisions\/1788"}],"wp:attachment":[{"href":"https:\/\/www.champagne-lombard.com\/it\/wp-json\/wp\/v2\/media?parent=1786"}],"curies":[{"name":"wp","href":"https:\/\/api.w.org\/{rel}","templated":true}]}}