{"id":698,"date":"2020-09-29T09:36:49","date_gmt":"2020-09-29T07:36:49","guid":{"rendered":"https:\/\/www.champagne-lombard.com\/la-champagne\/"},"modified":"2021-04-29T12:02:23","modified_gmt":"2021-04-29T10:02:23","slug":"champagne-region","status":"publish","type":"page","link":"https:\/\/www.champagne-lombard.com\/en\/champagne-region\/","title":{"rendered":"Champagne region"},"content":{"rendered":"","protected":false},"excerpt":{"rendered":"","protected":false},"author":1,"featured_media":0,"parent":0,"menu_order":4,"comment_status":"closed","ping_status":"closed","template":"page-champagne.php","meta":{"_acf_changed":false,"footnotes":""},"class_list":["post-698","page","type-page","status-publish","hentry"],"acf":[],"yoast_head":"<!-- This site is optimized with the Yoast SEO plugin v26.8 - https:\/\/yoast.com\/product\/yoast-seo-wordpress\/ -->\n<title>Champagne region | Champagne LOMBARD<\/title>\n<meta name=\"description\" content=\"Within the Lombard House, we highlight the diversity of terroirs expressions thanks to the single-village and single-plot cuvees.\" \/>\n<meta name=\"robots\" content=\"index, follow, max-snippet:-1, max-image-preview:large, max-video-preview:-1\" \/>\n<link rel=\"canonical\" href=\"https:\/\/www.champagne-lombard.com\/en\/champagne-region\/\" \/>\n<meta property=\"og:locale\" content=\"en_US\" \/>\n<meta property=\"og:type\" content=\"article\" \/>\n<meta property=\"og:title\" content=\"Champagne region | Champagne LOMBARD\" \/>\n<meta property=\"og:description\" content=\"Within the Lombard House, we highlight the diversity of terroirs expressions thanks to the single-village and single-plot cuvees.\" \/>\n<meta property=\"og:url\" content=\"https:\/\/www.champagne-lombard.com\/en\/champagne-region\/\" \/>\n<meta property=\"og:site_name\" content=\"Champagne LOMBARD\" \/>\n<meta property=\"article:modified_time\" content=\"2021-04-29T10:02:23+00:00\" \/>\n<meta name=\"twitter:card\" content=\"summary_large_image\" \/>\n<script type=\"application\/ld+json\" class=\"yoast-schema-graph\">{\"@context\":\"https:\/\/schema.org\",\"@graph\":[{\"@type\":\"WebPage\",\"@id\":\"https:\/\/www.champagne-lombard.com\/en\/champagne-region\/\",\"url\":\"https:\/\/www.champagne-lombard.com\/en\/champagne-region\/\",\"name\":\"Champagne region | Champagne LOMBARD\",\"isPartOf\":{\"@id\":\"https:\/\/www.champagne-lombard.com\/#website\"},\"datePublished\":\"2020-09-29T07:36:49+00:00\",\"dateModified\":\"2021-04-29T10:02:23+00:00\",\"description\":\"Within the Lombard House, we highlight the diversity of terroirs expressions thanks to the single-village and single-plot cuvees.\",\"inLanguage\":\"en-US\",\"potentialAction\":[{\"@type\":\"ReadAction\",\"target\":[\"https:\/\/www.champagne-lombard.com\/en\/champagne-region\/\"]}]},{\"@type\":\"WebSite\",\"@id\":\"https:\/\/www.champagne-lombard.com\/#website\",\"url\":\"https:\/\/www.champagne-lombard.com\/\",\"name\":\"Champagne LOMBARD\",\"description\":\"Maison familiale fond\u00e9e en 1925, nous \u00e9laborons des cuv\u00e9es de terroir mono-cru et lieu-dit, issues de Premiers et Grands Crus. Nous privil\u00e9gions le dosage Brut Nature pour r\u00e9v\u00e9ler les identit\u00e9s de terroir gr\u00e2ce \u00e0 une vinification d\u00e9di\u00e9e \u00e0 cette philosophie.\",\"potentialAction\":[{\"@type\":\"SearchAction\",\"target\":{\"@type\":\"EntryPoint\",\"urlTemplate\":\"https:\/\/www.champagne-lombard.com\/?s={search_term_string}\"},\"query-input\":{\"@type\":\"PropertyValueSpecification\",\"valueRequired\":true,\"valueName\":\"search_term_string\"}}],\"inLanguage\":\"en-US\"}]}<\/script>\n<!-- \/ Yoast SEO plugin. -->","yoast_head_json":{"title":"Champagne region | Champagne LOMBARD","description":"Within the Lombard House, we highlight the diversity of terroirs expressions thanks to the single-village and single-plot cuvees.","robots":{"index":"index","follow":"follow","max-snippet":"max-snippet:-1","max-image-preview":"max-image-preview:large","max-video-preview":"max-video-preview:-1"},"canonical":"https:\/\/www.champagne-lombard.com\/en\/champagne-region\/","og_locale":"en_US","og_type":"article","og_title":"Champagne region | Champagne LOMBARD","og_description":"Within the Lombard House, we highlight the diversity of terroirs expressions thanks to the single-village and single-plot cuvees.","og_url":"https:\/\/www.champagne-lombard.com\/en\/champagne-region\/","og_site_name":"Champagne LOMBARD","article_modified_time":"2021-04-29T10:02:23+00:00","twitter_card":"summary_large_image","schema":{"@context":"https:\/\/schema.org","@graph":[{"@type":"WebPage","@id":"https:\/\/www.champagne-lombard.com\/en\/champagne-region\/","url":"https:\/\/www.champagne-lombard.com\/en\/champagne-region\/","name":"Champagne region | Champagne LOMBARD","isPartOf":{"@id":"https:\/\/www.champagne-lombard.com\/#website"},"datePublished":"2020-09-29T07:36:49+00:00","dateModified":"2021-04-29T10:02:23+00:00","description":"Within the Lombard House, we highlight the diversity of terroirs expressions thanks to the single-village and single-plot cuvees.","inLanguage":"en-US","potentialAction":[{"@type":"ReadAction","target":["https:\/\/www.champagne-lombard.com\/en\/champagne-region\/"]}]},{"@type":"WebSite","@id":"https:\/\/www.champagne-lombard.com\/#website","url":"https:\/\/www.champagne-lombard.com\/","name":"Champagne LOMBARD","description":"Maison familiale fond\u00e9e en 1925, nous \u00e9laborons des cuv\u00e9es de terroir mono-cru et lieu-dit, issues de Premiers et Grands Crus. Nous privil\u00e9gions le dosage Brut Nature pour r\u00e9v\u00e9ler les identit\u00e9s de terroir gr\u00e2ce \u00e0 une vinification d\u00e9di\u00e9e \u00e0 cette philosophie.","potentialAction":[{"@type":"SearchAction","target":{"@type":"EntryPoint","urlTemplate":"https:\/\/www.champagne-lombard.com\/?s={search_term_string}"},"query-input":{"@type":"PropertyValueSpecification","valueRequired":true,"valueName":"search_term_string"}}],"inLanguage":"en-US"}]}},"_links":{"self":[{"href":"https:\/\/www.champagne-lombard.com\/en\/wp-json\/wp\/v2\/pages\/698","targetHints":{"allow":["GET"]}}],"collection":[{"href":"https:\/\/www.champagne-lombard.com\/en\/wp-json\/wp\/v2\/pages"}],"about":[{"href":"https:\/\/www.champagne-lombard.com\/en\/wp-json\/wp\/v2\/types\/page"}],"author":[{"embeddable":true,"href":"https:\/\/www.champagne-lombard.com\/en\/wp-json\/wp\/v2\/users\/1"}],"replies":[{"embeddable":true,"href":"https:\/\/www.champagne-lombard.com\/en\/wp-json\/wp\/v2\/comments?post=698"}],"version-history":[{"count":2,"href":"https:\/\/www.champagne-lombard.com\/en\/wp-json\/wp\/v2\/pages\/698\/revisions"}],"predecessor-version":[{"id":2050,"href":"https:\/\/www.champagne-lombard.com\/en\/wp-json\/wp\/v2\/pages\/698\/revisions\/2050"}],"wp:attachment":[{"href":"https:\/\/www.champagne-lombard.com\/en\/wp-json\/wp\/v2\/media?parent=698"}],"curies":[{"name":"wp","href":"https:\/\/api.w.org\/{rel}","templated":true}]}}