{"id":4143,"date":"2020-10-02T09:47:06","date_gmt":"2020-10-02T07:47:06","guid":{"rendered":"https:\/\/www.champagne-lombard.com\/distribution-internationale\/"},"modified":"2024-07-16T15:52:16","modified_gmt":"2024-07-16T13:52:16","slug":"vertrieb-auf-internationaler-ebene","status":"publish","type":"page","link":"https:\/\/www.champagne-lombard.com\/de\/vertrieb-auf-internationaler-ebene\/","title":{"rendered":"VERTRIEBSPARTNER"},"content":{"rendered":"","protected":false},"excerpt":{"rendered":"","protected":false},"author":1,"featured_media":0,"parent":0,"menu_order":7,"comment_status":"closed","ping_status":"closed","template":"page-distribution.php","meta":{"_acf_changed":false,"footnotes":""},"class_list":["post-4143","page","type-page","status-publish","hentry"],"acf":[],"yoast_head":"<!-- This site is optimized with the Yoast SEO plugin v26.8 - https:\/\/yoast.com\/product\/yoast-seo-wordpress\/ -->\n<title>VERTRIEBSPARTNER | Champagne LOMBARD<\/title>\n<meta name=\"description\" content=\"Unsere Champagner werden in 20 L\u00e4ndern vertrieben. Hier finden Sie alle unsere Vertriebspartner nach L\u00e4ndern geordnet.\" \/>\n<meta name=\"robots\" content=\"index, follow, max-snippet:-1, max-image-preview:large, max-video-preview:-1\" \/>\n<link rel=\"canonical\" href=\"https:\/\/www.champagne-lombard.com\/de\/vertrieb-auf-internationaler-ebene\/\" \/>\n<meta property=\"og:locale\" content=\"de_DE\" \/>\n<meta property=\"og:type\" content=\"article\" \/>\n<meta property=\"og:title\" content=\"VERTRIEBSPARTNER | Champagne LOMBARD\" \/>\n<meta property=\"og:description\" content=\"Unsere Champagner werden in 20 L\u00e4ndern vertrieben. Hier finden Sie alle unsere Vertriebspartner nach L\u00e4ndern geordnet.\" \/>\n<meta property=\"og:url\" content=\"https:\/\/www.champagne-lombard.com\/de\/vertrieb-auf-internationaler-ebene\/\" \/>\n<meta property=\"og:site_name\" content=\"Champagne LOMBARD\" \/>\n<meta property=\"article:modified_time\" content=\"2024-07-16T13:52:16+00:00\" \/>\n<meta name=\"twitter:card\" content=\"summary_large_image\" \/>\n<meta name=\"twitter:label1\" content=\"Gesch\u00e4tzte Lesezeit\" \/>\n\t<meta name=\"twitter:data1\" content=\"1\u00a0Minute\" \/>\n<script type=\"application\/ld+json\" class=\"yoast-schema-graph\">{\"@context\":\"https:\/\/schema.org\",\"@graph\":[{\"@type\":\"WebPage\",\"@id\":\"https:\/\/www.champagne-lombard.com\/de\/vertrieb-auf-internationaler-ebene\/\",\"url\":\"https:\/\/www.champagne-lombard.com\/de\/vertrieb-auf-internationaler-ebene\/\",\"name\":\"VERTRIEBSPARTNER | Champagne LOMBARD\",\"isPartOf\":{\"@id\":\"https:\/\/www.champagne-lombard.com\/#website\"},\"datePublished\":\"2020-10-02T07:47:06+00:00\",\"dateModified\":\"2024-07-16T13:52:16+00:00\",\"description\":\"Unsere Champagner werden in 20 L\u00e4ndern vertrieben. Hier finden Sie alle unsere Vertriebspartner nach L\u00e4ndern geordnet.\",\"inLanguage\":\"de\",\"potentialAction\":[{\"@type\":\"ReadAction\",\"target\":[\"https:\/\/www.champagne-lombard.com\/de\/vertrieb-auf-internationaler-ebene\/\"]}]},{\"@type\":\"WebSite\",\"@id\":\"https:\/\/www.champagne-lombard.com\/#website\",\"url\":\"https:\/\/www.champagne-lombard.com\/\",\"name\":\"Champagne LOMBARD\",\"description\":\"Maison familiale fond\u00e9e en 1925, nous \u00e9laborons des cuv\u00e9es de terroir mono-cru et lieu-dit, issues de Premiers et Grands Crus. Nous privil\u00e9gions le dosage Brut Nature pour r\u00e9v\u00e9ler les identit\u00e9s de terroir gr\u00e2ce \u00e0 une vinification d\u00e9di\u00e9e \u00e0 cette philosophie.\",\"potentialAction\":[{\"@type\":\"SearchAction\",\"target\":{\"@type\":\"EntryPoint\",\"urlTemplate\":\"https:\/\/www.champagne-lombard.com\/?s={search_term_string}\"},\"query-input\":{\"@type\":\"PropertyValueSpecification\",\"valueRequired\":true,\"valueName\":\"search_term_string\"}}],\"inLanguage\":\"de\"}]}<\/script>\n<!-- \/ Yoast SEO plugin. -->","yoast_head_json":{"title":"VERTRIEBSPARTNER | Champagne LOMBARD","description":"Unsere Champagner werden in 20 L\u00e4ndern vertrieben. Hier finden Sie alle unsere Vertriebspartner nach L\u00e4ndern geordnet.","robots":{"index":"index","follow":"follow","max-snippet":"max-snippet:-1","max-image-preview":"max-image-preview:large","max-video-preview":"max-video-preview:-1"},"canonical":"https:\/\/www.champagne-lombard.com\/de\/vertrieb-auf-internationaler-ebene\/","og_locale":"de_DE","og_type":"article","og_title":"VERTRIEBSPARTNER | Champagne LOMBARD","og_description":"Unsere Champagner werden in 20 L\u00e4ndern vertrieben. Hier finden Sie alle unsere Vertriebspartner nach L\u00e4ndern geordnet.","og_url":"https:\/\/www.champagne-lombard.com\/de\/vertrieb-auf-internationaler-ebene\/","og_site_name":"Champagne LOMBARD","article_modified_time":"2024-07-16T13:52:16+00:00","twitter_card":"summary_large_image","twitter_misc":{"Gesch\u00e4tzte Lesezeit":"1\u00a0Minute"},"schema":{"@context":"https:\/\/schema.org","@graph":[{"@type":"WebPage","@id":"https:\/\/www.champagne-lombard.com\/de\/vertrieb-auf-internationaler-ebene\/","url":"https:\/\/www.champagne-lombard.com\/de\/vertrieb-auf-internationaler-ebene\/","name":"VERTRIEBSPARTNER | Champagne LOMBARD","isPartOf":{"@id":"https:\/\/www.champagne-lombard.com\/#website"},"datePublished":"2020-10-02T07:47:06+00:00","dateModified":"2024-07-16T13:52:16+00:00","description":"Unsere Champagner werden in 20 L\u00e4ndern vertrieben. Hier finden Sie alle unsere Vertriebspartner nach L\u00e4ndern geordnet.","inLanguage":"de","potentialAction":[{"@type":"ReadAction","target":["https:\/\/www.champagne-lombard.com\/de\/vertrieb-auf-internationaler-ebene\/"]}]},{"@type":"WebSite","@id":"https:\/\/www.champagne-lombard.com\/#website","url":"https:\/\/www.champagne-lombard.com\/","name":"Champagne LOMBARD","description":"Maison familiale fond\u00e9e en 1925, nous \u00e9laborons des cuv\u00e9es de terroir mono-cru et lieu-dit, issues de Premiers et Grands Crus. Nous privil\u00e9gions le dosage Brut Nature pour r\u00e9v\u00e9ler les identit\u00e9s de terroir gr\u00e2ce \u00e0 une vinification d\u00e9di\u00e9e \u00e0 cette philosophie.","potentialAction":[{"@type":"SearchAction","target":{"@type":"EntryPoint","urlTemplate":"https:\/\/www.champagne-lombard.com\/?s={search_term_string}"},"query-input":{"@type":"PropertyValueSpecification","valueRequired":true,"valueName":"search_term_string"}}],"inLanguage":"de"}]}},"_links":{"self":[{"href":"https:\/\/www.champagne-lombard.com\/de\/wp-json\/wp\/v2\/pages\/4143","targetHints":{"allow":["GET"]}}],"collection":[{"href":"https:\/\/www.champagne-lombard.com\/de\/wp-json\/wp\/v2\/pages"}],"about":[{"href":"https:\/\/www.champagne-lombard.com\/de\/wp-json\/wp\/v2\/types\/page"}],"author":[{"embeddable":true,"href":"https:\/\/www.champagne-lombard.com\/de\/wp-json\/wp\/v2\/users\/1"}],"replies":[{"embeddable":true,"href":"https:\/\/www.champagne-lombard.com\/de\/wp-json\/wp\/v2\/comments?post=4143"}],"version-history":[{"count":10,"href":"https:\/\/www.champagne-lombard.com\/de\/wp-json\/wp\/v2\/pages\/4143\/revisions"}],"predecessor-version":[{"id":5018,"href":"https:\/\/www.champagne-lombard.com\/de\/wp-json\/wp\/v2\/pages\/4143\/revisions\/5018"}],"wp:attachment":[{"href":"https:\/\/www.champagne-lombard.com\/de\/wp-json\/wp\/v2\/media?parent=4143"}],"curies":[{"name":"wp","href":"https:\/\/api.w.org\/{rel}","templated":true}]}}