{"id":4111,"date":"2020-09-29T09:36:41","date_gmt":"2020-09-29T07:36:41","guid":{"rendered":"https:\/\/www.champagne-lombard.com\/la-gamme\/"},"modified":"2024-04-18T15:21:32","modified_gmt":"2024-04-18T13:21:32","slug":"angebot","status":"publish","type":"page","link":"https:\/\/www.champagne-lombard.com\/de\/angebot\/","title":{"rendered":"Angebot"},"content":{"rendered":"","protected":false},"excerpt":{"rendered":"","protected":false},"author":1,"featured_media":0,"parent":0,"menu_order":3,"comment_status":"closed","ping_status":"closed","template":"page-gamme.php","meta":{"_acf_changed":false,"footnotes":""},"class_list":["post-4111","page","type-page","status-publish","hentry"],"acf":[],"yoast_head":"<!-- This site is optimized with the Yoast SEO plugin v26.8 - https:\/\/yoast.com\/product\/yoast-seo-wordpress\/ -->\n<title>Angebot | Champagne LOMBARD<\/title>\n<meta name=\"description\" content=\"Wir stellen Terroir-Cuv\u00e9es aus Mono-Cru und Place-Dit her, die aus Premiers und Grands Crus in der Dosage Brut Nature stammen.\" \/>\n<meta name=\"robots\" content=\"index, follow, max-snippet:-1, max-image-preview:large, max-video-preview:-1\" \/>\n<link rel=\"canonical\" href=\"https:\/\/www.champagne-lombard.com\/de\/angebot\/\" \/>\n<meta property=\"og:locale\" content=\"de_DE\" \/>\n<meta property=\"og:type\" content=\"article\" \/>\n<meta property=\"og:title\" content=\"Angebot | Champagne LOMBARD\" \/>\n<meta property=\"og:description\" content=\"Wir stellen Terroir-Cuv\u00e9es aus Mono-Cru und Place-Dit her, die aus Premiers und Grands Crus in der Dosage Brut Nature stammen.\" \/>\n<meta property=\"og:url\" content=\"https:\/\/www.champagne-lombard.com\/de\/angebot\/\" \/>\n<meta property=\"og:site_name\" content=\"Champagne LOMBARD\" \/>\n<meta property=\"article:modified_time\" content=\"2024-04-18T13:21:32+00:00\" \/>\n<meta name=\"twitter:card\" content=\"summary_large_image\" \/>\n<meta name=\"twitter:label1\" content=\"Gesch\u00e4tzte Lesezeit\" \/>\n\t<meta name=\"twitter:data1\" content=\"1\u00a0Minute\" \/>\n<script type=\"application\/ld+json\" class=\"yoast-schema-graph\">{\"@context\":\"https:\/\/schema.org\",\"@graph\":[{\"@type\":\"WebPage\",\"@id\":\"https:\/\/www.champagne-lombard.com\/de\/angebot\/\",\"url\":\"https:\/\/www.champagne-lombard.com\/de\/angebot\/\",\"name\":\"Angebot | Champagne LOMBARD\",\"isPartOf\":{\"@id\":\"https:\/\/www.champagne-lombard.com\/#website\"},\"datePublished\":\"2020-09-29T07:36:41+00:00\",\"dateModified\":\"2024-04-18T13:21:32+00:00\",\"description\":\"Wir stellen Terroir-Cuv\u00e9es aus Mono-Cru und Place-Dit her, die aus Premiers und Grands Crus in der Dosage Brut Nature stammen.\",\"inLanguage\":\"de\",\"potentialAction\":[{\"@type\":\"ReadAction\",\"target\":[\"https:\/\/www.champagne-lombard.com\/de\/angebot\/\"]}]},{\"@type\":\"WebSite\",\"@id\":\"https:\/\/www.champagne-lombard.com\/#website\",\"url\":\"https:\/\/www.champagne-lombard.com\/\",\"name\":\"Champagne LOMBARD\",\"description\":\"Maison familiale fond\u00e9e en 1925, nous \u00e9laborons des cuv\u00e9es de terroir mono-cru et lieu-dit, issues de Premiers et Grands Crus. Nous privil\u00e9gions le dosage Brut Nature pour r\u00e9v\u00e9ler les identit\u00e9s de terroir gr\u00e2ce \u00e0 une vinification d\u00e9di\u00e9e \u00e0 cette philosophie.\",\"potentialAction\":[{\"@type\":\"SearchAction\",\"target\":{\"@type\":\"EntryPoint\",\"urlTemplate\":\"https:\/\/www.champagne-lombard.com\/?s={search_term_string}\"},\"query-input\":{\"@type\":\"PropertyValueSpecification\",\"valueRequired\":true,\"valueName\":\"search_term_string\"}}],\"inLanguage\":\"de\"}]}<\/script>\n<!-- \/ Yoast SEO plugin. -->","yoast_head_json":{"title":"Angebot | Champagne LOMBARD","description":"Wir stellen Terroir-Cuv\u00e9es aus Mono-Cru und Place-Dit her, die aus Premiers und Grands Crus in der Dosage Brut Nature stammen.","robots":{"index":"index","follow":"follow","max-snippet":"max-snippet:-1","max-image-preview":"max-image-preview:large","max-video-preview":"max-video-preview:-1"},"canonical":"https:\/\/www.champagne-lombard.com\/de\/angebot\/","og_locale":"de_DE","og_type":"article","og_title":"Angebot | Champagne LOMBARD","og_description":"Wir stellen Terroir-Cuv\u00e9es aus Mono-Cru und Place-Dit her, die aus Premiers und Grands Crus in der Dosage Brut Nature stammen.","og_url":"https:\/\/www.champagne-lombard.com\/de\/angebot\/","og_site_name":"Champagne LOMBARD","article_modified_time":"2024-04-18T13:21:32+00:00","twitter_card":"summary_large_image","twitter_misc":{"Gesch\u00e4tzte Lesezeit":"1\u00a0Minute"},"schema":{"@context":"https:\/\/schema.org","@graph":[{"@type":"WebPage","@id":"https:\/\/www.champagne-lombard.com\/de\/angebot\/","url":"https:\/\/www.champagne-lombard.com\/de\/angebot\/","name":"Angebot | Champagne LOMBARD","isPartOf":{"@id":"https:\/\/www.champagne-lombard.com\/#website"},"datePublished":"2020-09-29T07:36:41+00:00","dateModified":"2024-04-18T13:21:32+00:00","description":"Wir stellen Terroir-Cuv\u00e9es aus Mono-Cru und Place-Dit her, die aus Premiers und Grands Crus in der Dosage Brut Nature stammen.","inLanguage":"de","potentialAction":[{"@type":"ReadAction","target":["https:\/\/www.champagne-lombard.com\/de\/angebot\/"]}]},{"@type":"WebSite","@id":"https:\/\/www.champagne-lombard.com\/#website","url":"https:\/\/www.champagne-lombard.com\/","name":"Champagne LOMBARD","description":"Maison familiale fond\u00e9e en 1925, nous \u00e9laborons des cuv\u00e9es de terroir mono-cru et lieu-dit, issues de Premiers et Grands Crus. Nous privil\u00e9gions le dosage Brut Nature pour r\u00e9v\u00e9ler les identit\u00e9s de terroir gr\u00e2ce \u00e0 une vinification d\u00e9di\u00e9e \u00e0 cette philosophie.","potentialAction":[{"@type":"SearchAction","target":{"@type":"EntryPoint","urlTemplate":"https:\/\/www.champagne-lombard.com\/?s={search_term_string}"},"query-input":{"@type":"PropertyValueSpecification","valueRequired":true,"valueName":"search_term_string"}}],"inLanguage":"de"}]}},"_links":{"self":[{"href":"https:\/\/www.champagne-lombard.com\/de\/wp-json\/wp\/v2\/pages\/4111","targetHints":{"allow":["GET"]}}],"collection":[{"href":"https:\/\/www.champagne-lombard.com\/de\/wp-json\/wp\/v2\/pages"}],"about":[{"href":"https:\/\/www.champagne-lombard.com\/de\/wp-json\/wp\/v2\/types\/page"}],"author":[{"embeddable":true,"href":"https:\/\/www.champagne-lombard.com\/de\/wp-json\/wp\/v2\/users\/1"}],"replies":[{"embeddable":true,"href":"https:\/\/www.champagne-lombard.com\/de\/wp-json\/wp\/v2\/comments?post=4111"}],"version-history":[{"count":3,"href":"https:\/\/www.champagne-lombard.com\/de\/wp-json\/wp\/v2\/pages\/4111\/revisions"}],"predecessor-version":[{"id":4926,"href":"https:\/\/www.champagne-lombard.com\/de\/wp-json\/wp\/v2\/pages\/4111\/revisions\/4926"}],"wp:attachment":[{"href":"https:\/\/www.champagne-lombard.com\/de\/wp-json\/wp\/v2\/media?parent=4111"}],"curies":[{"name":"wp","href":"https:\/\/api.w.org\/{rel}","templated":true}]}}