{"id":4092,"date":"2020-09-29T09:36:20","date_gmt":"2020-09-29T07:36:20","guid":{"rendered":"https:\/\/www.champagne-lombard.com\/la-maison-lombard\/"},"modified":"2025-07-23T17:48:22","modified_gmt":"2025-07-23T15:48:22","slug":"das-haus","status":"publish","type":"page","link":"https:\/\/www.champagne-lombard.com\/de\/das-haus\/","title":{"rendered":"Das haus"},"content":{"rendered":"","protected":false},"excerpt":{"rendered":"","protected":false},"author":1,"featured_media":0,"parent":0,"menu_order":2,"comment_status":"closed","ping_status":"closed","template":"page-content.php","meta":{"_acf_changed":false,"footnotes":""},"class_list":["post-4092","page","type-page","status-publish","hentry"],"acf":[],"yoast_head":"<!-- This site is optimized with the Yoast SEO plugin v26.8 - https:\/\/yoast.com\/product\/yoast-seo-wordpress\/ -->\n<title>Das haus | Champagne LOMBARD<\/title>\n<meta name=\"description\" content=\"Wir besitzen 6 Hektar Weinberge mit Bio-Zertifizierung, haupts\u00e4chlich Premier Cru in der Region Montagne de Reims West.\" \/>\n<meta name=\"robots\" content=\"index, follow, max-snippet:-1, max-image-preview:large, max-video-preview:-1\" \/>\n<link rel=\"canonical\" href=\"https:\/\/www.champagne-lombard.com\/de\/das-haus\/\" \/>\n<meta property=\"og:locale\" content=\"de_DE\" \/>\n<meta property=\"og:type\" content=\"article\" \/>\n<meta property=\"og:title\" content=\"Das haus | Champagne LOMBARD\" \/>\n<meta property=\"og:description\" content=\"Wir besitzen 6 Hektar Weinberge mit Bio-Zertifizierung, haupts\u00e4chlich Premier Cru in der Region Montagne de Reims West.\" \/>\n<meta property=\"og:url\" content=\"https:\/\/www.champagne-lombard.com\/de\/das-haus\/\" \/>\n<meta property=\"og:site_name\" content=\"Champagne LOMBARD\" \/>\n<meta property=\"article:modified_time\" content=\"2025-07-23T15:48:22+00:00\" \/>\n<meta name=\"twitter:card\" content=\"summary_large_image\" \/>\n<meta name=\"twitter:label1\" content=\"Gesch\u00e4tzte Lesezeit\" \/>\n\t<meta name=\"twitter:data1\" content=\"5\u00a0Minuten\" \/>\n<script type=\"application\/ld+json\" class=\"yoast-schema-graph\">{\"@context\":\"https:\/\/schema.org\",\"@graph\":[{\"@type\":\"WebPage\",\"@id\":\"https:\/\/www.champagne-lombard.com\/de\/das-haus\/\",\"url\":\"https:\/\/www.champagne-lombard.com\/de\/das-haus\/\",\"name\":\"Das haus | Champagne LOMBARD\",\"isPartOf\":{\"@id\":\"https:\/\/www.champagne-lombard.com\/#website\"},\"datePublished\":\"2020-09-29T07:36:20+00:00\",\"dateModified\":\"2025-07-23T15:48:22+00:00\",\"description\":\"Wir besitzen 6 Hektar Weinberge mit Bio-Zertifizierung, haupts\u00e4chlich Premier Cru in der Region Montagne de Reims West.\",\"inLanguage\":\"de\",\"potentialAction\":[{\"@type\":\"ReadAction\",\"target\":[\"https:\/\/www.champagne-lombard.com\/de\/das-haus\/\"]}]},{\"@type\":\"WebSite\",\"@id\":\"https:\/\/www.champagne-lombard.com\/#website\",\"url\":\"https:\/\/www.champagne-lombard.com\/\",\"name\":\"Champagne LOMBARD\",\"description\":\"Maison familiale fond\u00e9e en 1925, nous \u00e9laborons des cuv\u00e9es de terroir mono-cru et lieu-dit, issues de Premiers et Grands Crus. Nous privil\u00e9gions le dosage Brut Nature pour r\u00e9v\u00e9ler les identit\u00e9s de terroir gr\u00e2ce \u00e0 une vinification d\u00e9di\u00e9e \u00e0 cette philosophie.\",\"potentialAction\":[{\"@type\":\"SearchAction\",\"target\":{\"@type\":\"EntryPoint\",\"urlTemplate\":\"https:\/\/www.champagne-lombard.com\/?s={search_term_string}\"},\"query-input\":{\"@type\":\"PropertyValueSpecification\",\"valueRequired\":true,\"valueName\":\"search_term_string\"}}],\"inLanguage\":\"de\"}]}<\/script>\n<!-- \/ Yoast SEO plugin. -->","yoast_head_json":{"title":"Das haus | Champagne LOMBARD","description":"Wir besitzen 6 Hektar Weinberge mit Bio-Zertifizierung, haupts\u00e4chlich Premier Cru in der Region Montagne de Reims West.","robots":{"index":"index","follow":"follow","max-snippet":"max-snippet:-1","max-image-preview":"max-image-preview:large","max-video-preview":"max-video-preview:-1"},"canonical":"https:\/\/www.champagne-lombard.com\/de\/das-haus\/","og_locale":"de_DE","og_type":"article","og_title":"Das haus | Champagne LOMBARD","og_description":"Wir besitzen 6 Hektar Weinberge mit Bio-Zertifizierung, haupts\u00e4chlich Premier Cru in der Region Montagne de Reims West.","og_url":"https:\/\/www.champagne-lombard.com\/de\/das-haus\/","og_site_name":"Champagne LOMBARD","article_modified_time":"2025-07-23T15:48:22+00:00","twitter_card":"summary_large_image","twitter_misc":{"Gesch\u00e4tzte Lesezeit":"5\u00a0Minuten"},"schema":{"@context":"https:\/\/schema.org","@graph":[{"@type":"WebPage","@id":"https:\/\/www.champagne-lombard.com\/de\/das-haus\/","url":"https:\/\/www.champagne-lombard.com\/de\/das-haus\/","name":"Das haus | Champagne LOMBARD","isPartOf":{"@id":"https:\/\/www.champagne-lombard.com\/#website"},"datePublished":"2020-09-29T07:36:20+00:00","dateModified":"2025-07-23T15:48:22+00:00","description":"Wir besitzen 6 Hektar Weinberge mit Bio-Zertifizierung, haupts\u00e4chlich Premier Cru in der Region Montagne de Reims West.","inLanguage":"de","potentialAction":[{"@type":"ReadAction","target":["https:\/\/www.champagne-lombard.com\/de\/das-haus\/"]}]},{"@type":"WebSite","@id":"https:\/\/www.champagne-lombard.com\/#website","url":"https:\/\/www.champagne-lombard.com\/","name":"Champagne LOMBARD","description":"Maison familiale fond\u00e9e en 1925, nous \u00e9laborons des cuv\u00e9es de terroir mono-cru et lieu-dit, issues de Premiers et Grands Crus. Nous privil\u00e9gions le dosage Brut Nature pour r\u00e9v\u00e9ler les identit\u00e9s de terroir gr\u00e2ce \u00e0 une vinification d\u00e9di\u00e9e \u00e0 cette philosophie.","potentialAction":[{"@type":"SearchAction","target":{"@type":"EntryPoint","urlTemplate":"https:\/\/www.champagne-lombard.com\/?s={search_term_string}"},"query-input":{"@type":"PropertyValueSpecification","valueRequired":true,"valueName":"search_term_string"}}],"inLanguage":"de"}]}},"_links":{"self":[{"href":"https:\/\/www.champagne-lombard.com\/de\/wp-json\/wp\/v2\/pages\/4092","targetHints":{"allow":["GET"]}}],"collection":[{"href":"https:\/\/www.champagne-lombard.com\/de\/wp-json\/wp\/v2\/pages"}],"about":[{"href":"https:\/\/www.champagne-lombard.com\/de\/wp-json\/wp\/v2\/types\/page"}],"author":[{"embeddable":true,"href":"https:\/\/www.champagne-lombard.com\/de\/wp-json\/wp\/v2\/users\/1"}],"replies":[{"embeddable":true,"href":"https:\/\/www.champagne-lombard.com\/de\/wp-json\/wp\/v2\/comments?post=4092"}],"version-history":[{"count":10,"href":"https:\/\/www.champagne-lombard.com\/de\/wp-json\/wp\/v2\/pages\/4092\/revisions"}],"predecessor-version":[{"id":5447,"href":"https:\/\/www.champagne-lombard.com\/de\/wp-json\/wp\/v2\/pages\/4092\/revisions\/5447"}],"wp:attachment":[{"href":"https:\/\/www.champagne-lombard.com\/de\/wp-json\/wp\/v2\/media?parent=4092"}],"curies":[{"name":"wp","href":"https:\/\/api.w.org\/{rel}","templated":true}]}}